{"id":630,"date":"2020-11-05T14:03:45","date_gmt":"2020-11-05T14:03:45","guid":{"rendered":"http:\/\/nhc247.ca\/?page_id=630"},"modified":"2020-12-08T14:13:34","modified_gmt":"2020-12-08T14:13:34","slug":"sechage-ameliores","status":"publish","type":"page","link":"https:\/\/nhc247.ca\/fr\/sechage-ameliores\/","title":{"rendered":"S\u00e9chage Am\u00e9lior\u00e9s"},"content":{"rendered":"\n<div class=\"wp-block-columns is-layout-flex wp-container-core-columns-is-layout-9d6595d7 wp-block-columns-is-layout-flex\">\n<div class=\"wp-block-column is-vertically-aligned-center is-layout-flow wp-block-column-is-layout-flow\">\n<div class=\"wp-block-group\"><div class=\"wp-block-group__inner-container is-layout-flow wp-block-group-is-layout-flow\">\n<h2 class=\"wp-block-heading\"><strong>Exp\u00e9rience et technologie combin\u00e9es pour fournir une solution adapt\u00e9e \u00e0 vos besoins.<\/strong><\/h2>\n\n\n\n<hr class=\"wp-block-separator\"\/>\n\n\n\n<p>Qu&rsquo;il s&rsquo;agisse de petits d\u00e9g\u00e2ts d&rsquo;eau r\u00e9sidentiels ou industriels, NHC 24\/7 a la capacit\u00e9 d&rsquo;\u00e9valuer, d&rsquo;\u00e9tendre, de mettre en \u0153uvre et de g\u00e9rer vos besoins de s\u00e9chage. Le service d&rsquo;urgence 24 heures sur 24 garantit que lorsque vous avez besoin de nous, nous sommes l\u00e0!<\/p>\n<\/div><\/div>\n<\/div>\n\n\n\n<div class=\"wp-block-column is-layout-flow wp-block-column-is-layout-flow\">\n<figure class=\"wp-block-image size-large\"><img loading=\"lazy\" decoding=\"async\" width=\"1024\" height=\"576\" src=\"http:\/\/nhc247.ca\/wp-content\/uploads\/2020\/11\/picture-43098129-1024x576.jpg\" alt=\"\" class=\"wp-image-1247\" srcset=\"https:\/\/nhc247.ca\/wp-content\/uploads\/2020\/11\/picture-43098129-1024x576.jpg 1024w, https:\/\/nhc247.ca\/wp-content\/uploads\/2020\/11\/picture-43098129-300x169.jpg 300w, https:\/\/nhc247.ca\/wp-content\/uploads\/2020\/11\/picture-43098129-768x432.jpg 768w, https:\/\/nhc247.ca\/wp-content\/uploads\/2020\/11\/picture-43098129.jpg 1280w\" sizes=\"auto, (max-width: 1024px) 100vw, 1024px\" \/><\/figure>\n<\/div>\n<\/div>\n\n\n\n<div style=\"height:20px\" aria-hidden=\"true\" class=\"wp-block-spacer\"><\/div>\n\n\n\n<div style=\"height:20px\" aria-hidden=\"true\" class=\"wp-block-spacer\"><\/div>\n\n\n\n<div class=\"wp-block-columns is-layout-flex wp-container-core-columns-is-layout-9d6595d7 wp-block-columns-is-layout-flex\">\n<div class=\"wp-block-column is-vertically-aligned-center is-layout-flow wp-block-column-is-layout-flow\">\n<figure class=\"wp-block-image size-large is-resized\"><img loading=\"lazy\" decoding=\"async\" src=\"http:\/\/nhc247.ca\/wp-content\/uploads\/2020\/11\/picture-43100072-edited.jpg\" alt=\"\" class=\"wp-image-1326\" width=\"540\" height=\"540\" srcset=\"https:\/\/nhc247.ca\/wp-content\/uploads\/2020\/11\/picture-43100072-edited.jpg 720w, https:\/\/nhc247.ca\/wp-content\/uploads\/2020\/11\/picture-43100072-edited-300x300.jpg 300w, https:\/\/nhc247.ca\/wp-content\/uploads\/2020\/11\/picture-43100072-edited-150x150.jpg 150w\" sizes=\"auto, (max-width: 540px) 100vw, 540px\" \/><\/figure>\n<\/div>\n\n\n\n<div class=\"wp-block-column is-vertically-aligned-center is-layout-flow wp-block-column-is-layout-flow\">\n<div class=\"wp-block-group\"><div class=\"wp-block-group__inner-container is-layout-flow wp-block-group-is-layout-flow\">\n<h2 class=\"wp-block-heading\"><strong>Ensemble, Imbattable \u2063<\/strong>!<\/h2>\n\n\n\n<hr class=\"wp-block-separator\"\/>\n\n\n\n<p>Soyez efficace, respectez les d\u00e9lais, soyez le meilleur et laissez le meilleur vous donnez un coup de main.<\/p>\n\n\n\n<div style=\"height:20px\" aria-hidden=\"true\" class=\"wp-block-spacer\"><\/div>\n\n\n\n<p>Voici Pourquoi&#8230;\u2063<\/p>\n\n\n\n<div style=\"height:20px\" aria-hidden=\"true\" class=\"wp-block-spacer\"><\/div>\n\n\n\n<ul class=\"yellow-bullets wp-block-list\"><li>Contr\u00f4le de l&rsquo;humidit\u00e9 sur un ou plusieurs \u00e9tages \u00e0 la fois\u2063<\/li><li>Acc\u00e9l\u00e9ration du s\u00e9chage du ciment, du b\u00e9ton et autres surfaces\u2063<\/li><li>D\u00e9shumidification par desiccants et LGR\u2063<\/li><li>Confinement de zone au besoin\u2063<\/li><li>Suivi des taux d&rsquo;humidit\u00e9<\/li><li>S\u00e9chage sp\u00e9cialis\u00e9<\/li><li>Service d&#8217;embarquement<\/li><li>S\u00e9chage structurel<\/li><li>Emballage et stockage<\/li><\/ul>\n<\/div><\/div>\n<\/div>\n<\/div>\n","protected":false},"excerpt":{"rendered":"<p>Exp\u00e9rience et technologie combin\u00e9es pour fournir une solution adapt\u00e9e \u00e0 vos besoins. Qu&rsquo;il s&rsquo;agisse de petits d\u00e9g\u00e2ts d&rsquo;eau r\u00e9sidentiels ou industriels, NHC 24\/7 a la capacit\u00e9 d&rsquo;\u00e9valuer, d&rsquo;\u00e9tendre, de mettre en \u0153uvre et de g\u00e9rer vos besoins de s\u00e9chage. Le service d&rsquo;urgence 24 heures sur 24 garantit que lorsque vous avez besoin de nous, nous [&hellip;]<\/p>\n","protected":false},"author":4,"featured_media":0,"parent":0,"menu_order":0,"comment_status":"closed","ping_status":"closed","template":"","meta":{"_acf_changed":false,"footnotes":""},"class_list":["post-630","page","type-page","status-publish","hentry"],"acf":[],"_links":{"self":[{"href":"https:\/\/nhc247.ca\/fr\/wp-json\/wp\/v2\/pages\/630","targetHints":{"allow":["GET"]}}],"collection":[{"href":"https:\/\/nhc247.ca\/fr\/wp-json\/wp\/v2\/pages"}],"about":[{"href":"https:\/\/nhc247.ca\/fr\/wp-json\/wp\/v2\/types\/page"}],"author":[{"embeddable":true,"href":"https:\/\/nhc247.ca\/fr\/wp-json\/wp\/v2\/users\/4"}],"replies":[{"embeddable":true,"href":"https:\/\/nhc247.ca\/fr\/wp-json\/wp\/v2\/comments?post=630"}],"version-history":[{"count":19,"href":"https:\/\/nhc247.ca\/fr\/wp-json\/wp\/v2\/pages\/630\/revisions"}],"predecessor-version":[{"id":1742,"href":"https:\/\/nhc247.ca\/fr\/wp-json\/wp\/v2\/pages\/630\/revisions\/1742"}],"wp:attachment":[{"href":"https:\/\/nhc247.ca\/fr\/wp-json\/wp\/v2\/media?parent=630"}],"curies":[{"name":"wp","href":"https:\/\/api.w.org\/{rel}","templated":true}]}}