{"id":626,"date":"2020-11-04T21:38:06","date_gmt":"2020-11-04T21:38:06","guid":{"rendered":"http:\/\/nhc247.ca\/?page_id=626"},"modified":"2020-12-16T18:40:01","modified_gmt":"2020-12-16T18:40:01","slug":"enlevement-de-matieres-dangereuses","status":"publish","type":"page","link":"https:\/\/nhc247.ca\/fr\/enlevement-de-matieres-dangereuses\/","title":{"rendered":"Retrait Des Mati\u00e8res Dangeureuses"},"content":{"rendered":"\n<div class=\"wp-block-columns is-layout-flex wp-container-core-columns-is-layout-9d6595d7 wp-block-columns-is-layout-flex\">\n<div class=\"wp-block-column is-vertically-aligned-center is-layout-flow wp-block-column-is-layout-flow\">\n<div class=\"wp-block-group\"><div class=\"wp-block-group__inner-container is-layout-flow wp-block-group-is-layout-flow\">\n<h2 class=\"wp-block-heading\">Les d\u00e9versements de produits chimiques, le retrait de l&rsquo;amiante, l&rsquo;\u00e9limination des moisissures et du plomb sont nos sp\u00e9cialit\u00e9s.<\/h2>\n\n\n\n<hr class=\"wp-block-separator\"\/>\n\n\n\n<p>Nous avons les certifications, l\u2019\u00e9quipement certifi\u00e9 n\u00e9cessaire et les connaissances pour vous aider avec les\u00a0travaux les plus demandant.<\/p>\n<\/div><\/div>\n\n\n\n<div style=\"height:20px\" aria-hidden=\"true\" class=\"wp-block-spacer\"><\/div>\n<\/div>\n\n\n\n<div class=\"wp-block-column is-layout-flow wp-block-column-is-layout-flow\">\n<div class=\"wp-block-image\"><figure class=\"aligncenter size-large is-resized\"><img loading=\"lazy\" decoding=\"async\" src=\"http:\/\/nhc247.ca\/wp-content\/uploads\/2020\/11\/asbestos-warning-883x1024.jpg\" alt=\"\" class=\"wp-image-1468\" width=\"442\" height=\"512\" srcset=\"https:\/\/nhc247.ca\/wp-content\/uploads\/2020\/11\/asbestos-warning-883x1024.jpg 883w, https:\/\/nhc247.ca\/wp-content\/uploads\/2020\/11\/asbestos-warning-259x300.jpg 259w, https:\/\/nhc247.ca\/wp-content\/uploads\/2020\/11\/asbestos-warning-768x890.jpg 768w, https:\/\/nhc247.ca\/wp-content\/uploads\/2020\/11\/asbestos-warning.jpg 960w\" sizes=\"auto, (max-width: 442px) 100vw, 442px\" \/><\/figure><\/div>\n<\/div>\n<\/div>\n\n\n\n<div class=\"wp-block-columns is-layout-flex wp-container-core-columns-is-layout-9d6595d7 wp-block-columns-is-layout-flex\">\n<div class=\"wp-block-column is-vertically-aligned-center is-layout-flow wp-block-column-is-layout-flow\">\n<div class=\"wp-block-image\"><figure class=\"alignleft size-large is-resized\"><img loading=\"lazy\" decoding=\"async\" src=\"http:\/\/nhc247.ca\/wp-content\/uploads\/2020\/11\/hazmat-1-883x1024.jpg\" alt=\"\" class=\"wp-image-1475\" width=\"442\" height=\"512\" srcset=\"https:\/\/nhc247.ca\/wp-content\/uploads\/2020\/11\/hazmat-1-883x1024.jpg 883w, https:\/\/nhc247.ca\/wp-content\/uploads\/2020\/11\/hazmat-1-259x300.jpg 259w, https:\/\/nhc247.ca\/wp-content\/uploads\/2020\/11\/hazmat-1-768x890.jpg 768w, https:\/\/nhc247.ca\/wp-content\/uploads\/2020\/11\/hazmat-1.jpg 960w\" sizes=\"auto, (max-width: 442px) 100vw, 442px\" \/><\/figure><\/div>\n<\/div>\n\n\n\n<div class=\"wp-block-column is-vertically-aligned-center is-layout-flow wp-block-column-is-layout-flow\">\n<div class=\"wp-block-group\"><div class=\"wp-block-group__inner-container is-layout-flow wp-block-group-is-layout-flow\">\n<h2 class=\"wp-block-heading\"><strong><strong>L\u00e0 Quand Vous En Avez Besoin\u2063<\/strong><\/strong><\/h2>\n\n\n\n<hr class=\"wp-block-separator\"\/>\n\n\n\n<p>La moisissure est un probl\u00e8me s\u00e9rieux qui affecte beaucoup de r\u00e9sidences et d\u2019entreprises.\u2063<\/p>\n\n\n\n<div style=\"height:20px\" aria-hidden=\"true\" class=\"wp-block-spacer\"><\/div>\n\n\n\n<p>Nos professionnels qualifi\u00e9s ne sont pas seulement form\u00e9 \u00e0 enlever et nettoyer la moisissure mais aussi \u00e0 trouver l\u2019origine du probl\u00e8me et emp\u00eacher une nouvelle propagation.\u2063<\/p>\n\n\n\n<div style=\"height:41px\" aria-hidden=\"true\" class=\"wp-block-spacer\"><\/div>\n\n\n\n<h5 class=\"wp-block-heading\"><strong>Peu importe l\u2019ampleur de votre probl\u00e8me de moisissure, appelez les professionnels chez NHC 24\/7 et nous trouverons la solution!<\/strong><\/h5>\n<\/div><\/div>\n<\/div>\n<\/div>\n","protected":false},"excerpt":{"rendered":"<p>Les d\u00e9versements de produits chimiques, le retrait de l&rsquo;amiante, l&rsquo;\u00e9limination des moisissures et du plomb sont nos sp\u00e9cialit\u00e9s. Nous avons les certifications, l\u2019\u00e9quipement certifi\u00e9 n\u00e9cessaire et les connaissances pour vous aider avec les\u00a0travaux les plus demandant. L\u00e0 Quand Vous En Avez Besoin\u2063 La moisissure est un probl\u00e8me s\u00e9rieux qui affecte beaucoup de r\u00e9sidences et d\u2019entreprises.\u2063 [&hellip;]<\/p>\n","protected":false},"author":4,"featured_media":0,"parent":0,"menu_order":0,"comment_status":"closed","ping_status":"closed","template":"","meta":{"_acf_changed":false,"footnotes":""},"class_list":["post-626","page","type-page","status-publish","hentry"],"acf":[],"_links":{"self":[{"href":"https:\/\/nhc247.ca\/fr\/wp-json\/wp\/v2\/pages\/626","targetHints":{"allow":["GET"]}}],"collection":[{"href":"https:\/\/nhc247.ca\/fr\/wp-json\/wp\/v2\/pages"}],"about":[{"href":"https:\/\/nhc247.ca\/fr\/wp-json\/wp\/v2\/types\/page"}],"author":[{"embeddable":true,"href":"https:\/\/nhc247.ca\/fr\/wp-json\/wp\/v2\/users\/4"}],"replies":[{"embeddable":true,"href":"https:\/\/nhc247.ca\/fr\/wp-json\/wp\/v2\/comments?post=626"}],"version-history":[{"count":40,"href":"https:\/\/nhc247.ca\/fr\/wp-json\/wp\/v2\/pages\/626\/revisions"}],"predecessor-version":[{"id":1781,"href":"https:\/\/nhc247.ca\/fr\/wp-json\/wp\/v2\/pages\/626\/revisions\/1781"}],"wp:attachment":[{"href":"https:\/\/nhc247.ca\/fr\/wp-json\/wp\/v2\/media?parent=626"}],"curies":[{"name":"wp","href":"https:\/\/api.w.org\/{rel}","templated":true}]}}