{"id":614,"date":"2020-11-04T21:31:38","date_gmt":"2020-11-04T21:31:38","guid":{"rendered":"http:\/\/nhc247.ca\/?page_id=614"},"modified":"2020-12-16T18:36:32","modified_gmt":"2020-12-16T18:36:32","slug":"dommages-par-le-feu","status":"publish","type":"page","link":"https:\/\/nhc247.ca\/fr\/dommages-par-le-feu\/","title":{"rendered":"Dommages Caus\u00e9s Par Le Feu"},"content":{"rendered":"\n<div class=\"wp-block-group\"><div class=\"wp-block-group__inner-container is-layout-flow wp-block-group-is-layout-flow\">\n<div class=\"wp-block-columns is-layout-flex wp-container-core-columns-is-layout-9d6595d7 wp-block-columns-is-layout-flex\">\n<div class=\"wp-block-column is-vertically-aligned-center text-center is-layout-flow wp-block-column-is-layout-flow\" style=\"flex-basis:66.66%\">\n<div class=\"wp-block-group inline-block text-left\"><div class=\"wp-block-group__inner-container is-layout-flow wp-block-group-is-layout-flow\">\n<h2 class=\"wp-block-heading\"><strong>Dommages caus\u00e9s<\/strong> <strong>par le feu &amp; la fum\u00e9e\u2063<\/strong><\/h2>\n\n\n\n<hr class=\"wp-block-separator\"\/>\n\n\n\n<p>\u2063Chez NHC 24\/7 nos technicien sont certifi\u00e9s IICRC. Ils ont donc les capacit\u00e9s d\u2019\u00e9valuer le type de d\u00e9fi que devra \u00eatre surmont\u00e9 et ainsi d\u00e9terminer l\u2019approche n\u00e9cessaire pour emp\u00eacher les dommages suppl\u00e9mentaires.\u2063<\/p>\n\n\n\n<div style=\"height:20px\" aria-hidden=\"true\" class=\"wp-block-spacer\"><\/div>\n\n\n\n<p>Le nettoyage d\u2019une propri\u00e9t\u00e9 ayant subi des dommages caus\u00e9s par le feu peut \u00eatre tr\u00e8s demandant et engendrer une perte de contr\u00f4le au niveau du co\u00fbt. Au cours des derni\u00e8res ann\u00e9es, nous avons pris soin de plus d\u2019une centaine de sinistres de ce genre. Que ce soit au niveau r\u00e9sidentiel, commercial, ou industriel, nous avons d\u00e9velopp\u00e9 des proc\u00e9dures et techniques pour s\u2019assurer que le travail soit compl\u00e9t\u00e9 efficacement en plus de r\u00e9duire le plus possible les co\u00fbts.\u2063<\/p>\n\n\n\n<div style=\"height:20px\" aria-hidden=\"true\" class=\"wp-block-spacer\"><\/div>\n\n\n\n<p>Que ce soit un nettoyage l\u00e9ger ou un travail d\u2019envergure n\u00e9cessitant d\u00e9sodorisation et d\u00e9molition, nous g\u00e9rons le projet pour assurer que tous les aspects du nettoyage sont fait correctement, du traitement des biens, de l\u2019emballage et du transport jusqu\u2019\u00e0 la d\u00e9sodorisation compl\u00e8te et le nettoyage de la structure.\u2063<\/p>\n\n\n\n<div style=\"height:20px\" aria-hidden=\"true\" class=\"wp-block-spacer\"><\/div>\n\n\n\n<p>Une fois la reconstruction termin\u00e9e, NHC vous fournira les solutions pour r\u00e9aliser la t\u00e2che efficacement du premier coup.\u2063\u2063\u2063\u2063<\/p>\n<\/div><\/div>\n<\/div>\n\n\n\n<div class=\"wp-block-column is-vertically-aligned-center is-layout-flow wp-block-column-is-layout-flow\" style=\"flex-basis:33.33%\">\n<div class=\"wp-block-image\"><figure class=\"aligncenter size-large\"><img loading=\"lazy\" decoding=\"async\" width=\"883\" height=\"1024\" src=\"http:\/\/nhc247.ca\/wp-content\/uploads\/2020\/12\/fire-damage-replace-883x1024.jpg\" alt=\"\" class=\"wp-image-1688\" srcset=\"https:\/\/nhc247.ca\/wp-content\/uploads\/2020\/12\/fire-damage-replace-883x1024.jpg 883w, https:\/\/nhc247.ca\/wp-content\/uploads\/2020\/12\/fire-damage-replace-259x300.jpg 259w, https:\/\/nhc247.ca\/wp-content\/uploads\/2020\/12\/fire-damage-replace-768x890.jpg 768w, https:\/\/nhc247.ca\/wp-content\/uploads\/2020\/12\/fire-damage-replace.jpg 960w\" sizes=\"auto, (max-width: 883px) 100vw, 883px\" \/><\/figure><\/div>\n<\/div>\n<\/div>\n\n\n\n<div style=\"height:60px\" aria-hidden=\"true\" class=\"wp-block-spacer\"><\/div>\n\n\n\n<div class=\"wp-block-columns is-layout-flex wp-container-core-columns-is-layout-9d6595d7 wp-block-columns-is-layout-flex\">\n<div class=\"wp-block-column is-vertically-aligned-center is-layout-flow wp-block-column-is-layout-flow\" style=\"flex-basis:33.33%\">\n<div class=\"wp-block-image\"><figure class=\"aligncenter size-large is-resized\"><img loading=\"lazy\" decoding=\"async\" src=\"http:\/\/nhc247.ca\/wp-content\/uploads\/2020\/11\/smoke-damage-883x1024.jpg\" alt=\"\" class=\"wp-image-1022\" width=\"442\" height=\"512\" srcset=\"https:\/\/nhc247.ca\/wp-content\/uploads\/2020\/11\/smoke-damage-883x1024.jpg 883w, https:\/\/nhc247.ca\/wp-content\/uploads\/2020\/11\/smoke-damage-259x300.jpg 259w, https:\/\/nhc247.ca\/wp-content\/uploads\/2020\/11\/smoke-damage-768x890.jpg 768w, https:\/\/nhc247.ca\/wp-content\/uploads\/2020\/11\/smoke-damage.jpg 960w\" sizes=\"auto, (max-width: 442px) 100vw, 442px\" \/><\/figure><\/div>\n<\/div>\n\n\n\n<div class=\"wp-block-column is-vertically-aligned-center text-center is-layout-flow wp-block-column-is-layout-flow\" style=\"flex-basis:66.66%\">\n<div class=\"wp-block-group inline-block text-left\"><div class=\"wp-block-group__inner-container is-layout-flow wp-block-group-is-layout-flow\">\n<h2 class=\"wp-block-heading\">Types d&rsquo;odeurs (feu et fum\u00e9e)\u2063<\/h2>\n\n\n\n<hr class=\"wp-block-separator\"\/>\n\n\n\n<p><strong>PROT\u00c9INE:<\/strong> Habituellement le r\u00e9sultat de viande, chair ou volaille br\u00fbl\u00e9. Cr\u00e9er un r\u00e9sidu couvrant toute la surface affect\u00e9 et requiert un nettoyage approfondi.\u2063<\/p>\n\n\n\n<div style=\"height:20px\" aria-hidden=\"true\" class=\"wp-block-spacer\"><\/div>\n\n\n\n<p><strong>SYNTH\u00c9TIQUE:<\/strong> G\u00e9n\u00e9ralement le r\u00e9sultat de plastique, caoutchouc vinyle et autres produits synth\u00e9tique, qui est br\u00fbl\u00e9. Des \u00ab\u00a0toiles de fum\u00e9e\u00a0\u00bb sont un bon indicateur de ce type d&rsquo;odeur, d&rsquo;une point de vue visuel. Vous verrez ces filaments de fum\u00e9e dans les coins, les cadres de porte et autre zone de la propri\u00e9t\u00e9.\u2063<\/p>\n\n\n\n<div style=\"height:20px\" aria-hidden=\"true\" class=\"wp-block-spacer\"><\/div>\n\n\n\n<p>Les toiles de fum\u00e9e ne sont pas synonyme de propri\u00e9t\u00e9 mal entretenue, c&rsquo;est plut\u00f4t un r\u00e9sultat directe du refroidissement de la fum\u00e9e et de l&rsquo;agglutination des particules. Le r\u00e9sidu est g\u00e9n\u00e9ralement noir et tachera tr\u00e8s facilement lorsque nettoy\u00e9.\u2063<\/p>\n\n\n\n<div style=\"height:20px\" aria-hidden=\"true\" class=\"wp-block-spacer\"><\/div>\n\n\n\n<p><strong>NATURELLE: <\/strong>Habituellement le r\u00e9sultat de bois br\u00fbl\u00e9 ou autre type de mat\u00e9riaux de bois et papier. Le r\u00e9sidu sera entre gris et noir et est sou forme de poudre. L&rsquo;aspirateur est une des bonnes m\u00e9thodes de nettoyage de ce type de sinistre, combin\u00e9 \u00e0 d&rsquo;autres m\u00e9thodes.\u2063<\/p>\n<\/div><\/div>\n<\/div>\n<\/div>\n<\/div><\/div>\n\n\n\n<div class=\"wp-block-group\"><div class=\"wp-block-group__inner-container is-layout-flow wp-block-group-is-layout-flow\">\n<div style=\"height:60px\" aria-hidden=\"true\" class=\"wp-block-spacer\"><\/div>\n\n\n\n<div class=\"wp-block-columns is-layout-flex wp-container-core-columns-is-layout-9d6595d7 wp-block-columns-is-layout-flex\">\n<div class=\"wp-block-column text-center is-layout-flow wp-block-column-is-layout-flow\" style=\"flex-basis:66.66%\">\n<div class=\"wp-block-group inline-block text-left\"><div class=\"wp-block-group__inner-container is-layout-flow wp-block-group-is-layout-flow\">\n<h2 class=\"wp-block-heading\">\u2063Types de dommages (feu &amp; fum\u00e9e)\u2063<\/h2>\n\n\n\n<hr class=\"wp-block-separator\"\/>\n\n\n\n<p><strong>FUM\u00c9E S\u00c8CHE:<\/strong> Caus\u00e9 par un feu br\u00fblant rapidement et \u00e0 une temp\u00e9rature \u00e9lev\u00e9e. Cr\u00e9e habituellement un r\u00e9sidu de cendres poudreux.\u2063<\/p>\n\n\n\n<div style=\"height:20px\" aria-hidden=\"true\" class=\"wp-block-spacer\"><\/div>\n\n\n\n<p><strong>FUM\u00c9E HUMIDE:<\/strong> Caus\u00e9 par un feu br\u00fblant lentement ou un \u00ab\u00a0feu de fum\u00e9e\u00a0\u00bb \u00e0 basse temp\u00e9rature. Laisse g\u00e9n\u00e9ralement un r\u00e9sidu collant et qui s&rsquo;\u00e9tend facilement, en plus d&rsquo;une fum\u00e9e en toile d&rsquo;araign\u00e9e. Ce type de sinistre est accompagn\u00e9 d&rsquo;une odeur \u00e2cre.\u2063<\/p>\n\n\n\n<div style=\"height:20px\" aria-hidden=\"true\" class=\"wp-block-spacer\"><\/div>\n\n\n\n<p><strong>PROT\u00c9INE:<\/strong> Caus\u00e9 par de la viande ou de la volaille qui br\u00fble. Peut s&rsquo;\u00e9tendre \u00e0 la structure de la propri\u00e9t\u00e9. Un type de sinistre difficilement approuv\u00e9 pour le nettoyage car le r\u00e9sidu est pratiquement invisible. Ne laissez pas cette propri\u00e9t\u00e9 vous tromper ! Ce r\u00e9sidu peut d\u00e9colorer peinture, vernis et le fini des fixtures. Sans mentionner que s&rsquo;il n&rsquo;est pas bien nettoy\u00e9, l&rsquo;odeur restera.\u2063<\/p>\n\n\n\n<div style=\"height:20px\" aria-hidden=\"true\" class=\"wp-block-spacer\"><\/div>\n\n\n\n<p><strong>SOURCE DE CARBURANT:<\/strong> Caus\u00e9 par un carburant qui s\u2019enflamme, la plupart du temps d\u00fb \u00e0 un retour de fum\u00e9e d&rsquo;une fournaise. Ceci a pour cause de distribuer la suie d&rsquo;huile dans toute la r\u00e9sidence, r\u00e9sultant en un d\u00e9g\u00e2t majeur et difficile \u00e0 nettoyer.\u2063<\/p>\n<\/div><\/div>\n<\/div>\n\n\n\n<div class=\"wp-block-column is-vertically-aligned-center is-layout-flow wp-block-column-is-layout-flow\" style=\"flex-basis:33.33%\">\n<div class=\"wp-block-image\"><figure class=\"aligncenter size-large is-resized\"><img loading=\"lazy\" decoding=\"async\" src=\"http:\/\/nhc247.ca\/wp-content\/uploads\/2020\/11\/smoke-damage2-883x1024.jpg\" alt=\"\" class=\"wp-image-1025\" width=\"442\" height=\"512\" srcset=\"https:\/\/nhc247.ca\/wp-content\/uploads\/2020\/11\/smoke-damage2-883x1024.jpg 883w, https:\/\/nhc247.ca\/wp-content\/uploads\/2020\/11\/smoke-damage2-259x300.jpg 259w, https:\/\/nhc247.ca\/wp-content\/uploads\/2020\/11\/smoke-damage2-768x890.jpg 768w, https:\/\/nhc247.ca\/wp-content\/uploads\/2020\/11\/smoke-damage2.jpg 960w\" sizes=\"auto, (max-width: 442px) 100vw, 442px\" \/><\/figure><\/div>\n<\/div>\n<\/div>\n\n\n\n<div class=\"wp-block-group\"><div class=\"wp-block-group__inner-container is-layout-flow wp-block-group-is-layout-flow\">\n<h3 class=\"wp-block-heading\">Autres Types Ou R\u00e9sidus R\u00e9sultant D&rsquo;un Feu:\u2063<\/h3>\n\n\n\n<hr class=\"wp-block-separator\"\/>\n\n\n\n<p>Investigation polici\u00e8re, poudre \u00e0 empreinte digitale (Difficile \u00e0 nettoyer)\u2063<\/p>\n\n\n\n<p>Extincteur de feu (Laisse un r\u00e9sidu qui peut endommager le mat\u00e9riel et causer une odeur parall\u00e8le \u00e0 celle du feu) \u2063<\/p>\n\n\n\n<p>Note: Les r\u00e9sidus d&rsquo;extincteur de feu peuvent \u00eatre toxique et devrait \u00eatre nettoy\u00e9 par une compagnie sp\u00e9cialis\u00e9e dans le domaine pour s&rsquo;assurer de la s\u00e9curit\u00e9 des occupants et visiteurs de la propri\u00e9t\u00e9 affect\u00e9e.<\/p>\n<\/div><\/div>\n<\/div><\/div>\n\n\n\n<div class=\"wp-block-group is-layout-flow wp-block-group-is-layout-flow\"><div class=\"wp-block-group__inner-container\"><\/div><\/div>\n\n\n\n<div style=\"height:20px\" aria-hidden=\"true\" class=\"wp-block-spacer\"><\/div>\n","protected":false},"excerpt":{"rendered":"<p>Dommages caus\u00e9s par le feu &amp; la fum\u00e9e\u2063 \u2063Chez NHC 24\/7 nos technicien sont certifi\u00e9s IICRC. Ils ont donc les capacit\u00e9s d\u2019\u00e9valuer le type de d\u00e9fi que devra \u00eatre surmont\u00e9 et ainsi d\u00e9terminer l\u2019approche n\u00e9cessaire pour emp\u00eacher les dommages suppl\u00e9mentaires.\u2063 Le nettoyage d\u2019une propri\u00e9t\u00e9 ayant subi des dommages caus\u00e9s par le feu peut \u00eatre tr\u00e8s [&hellip;]<\/p>\n","protected":false},"author":4,"featured_media":0,"parent":0,"menu_order":0,"comment_status":"closed","ping_status":"closed","template":"","meta":{"_acf_changed":false,"footnotes":""},"class_list":["post-614","page","type-page","status-publish","hentry"],"acf":[],"_links":{"self":[{"href":"https:\/\/nhc247.ca\/fr\/wp-json\/wp\/v2\/pages\/614","targetHints":{"allow":["GET"]}}],"collection":[{"href":"https:\/\/nhc247.ca\/fr\/wp-json\/wp\/v2\/pages"}],"about":[{"href":"https:\/\/nhc247.ca\/fr\/wp-json\/wp\/v2\/types\/page"}],"author":[{"embeddable":true,"href":"https:\/\/nhc247.ca\/fr\/wp-json\/wp\/v2\/users\/4"}],"replies":[{"embeddable":true,"href":"https:\/\/nhc247.ca\/fr\/wp-json\/wp\/v2\/comments?post=614"}],"version-history":[{"count":19,"href":"https:\/\/nhc247.ca\/fr\/wp-json\/wp\/v2\/pages\/614\/revisions"}],"predecessor-version":[{"id":1776,"href":"https:\/\/nhc247.ca\/fr\/wp-json\/wp\/v2\/pages\/614\/revisions\/1776"}],"wp:attachment":[{"href":"https:\/\/nhc247.ca\/fr\/wp-json\/wp\/v2\/media?parent=614"}],"curies":[{"name":"wp","href":"https:\/\/api.w.org\/{rel}","templated":true}]}}