{"id":610,"date":"2020-11-04T21:28:03","date_gmt":"2020-11-04T21:28:03","guid":{"rendered":"http:\/\/nhc247.ca\/?page_id=610"},"modified":"2020-12-16T18:33:28","modified_gmt":"2020-12-16T18:33:28","slug":"dommages-par-leau","status":"publish","type":"page","link":"https:\/\/nhc247.ca\/fr\/dommages-par-leau\/","title":{"rendered":"Dommages Caus\u00e9s Par L&rsquo;eau"},"content":{"rendered":"\n<div class=\"wp-block-columns is-layout-flex wp-container-core-columns-is-layout-9d6595d7 wp-block-columns-is-layout-flex\">\n<div class=\"wp-block-column is-vertically-aligned-center text-center is-layout-flow wp-block-column-is-layout-flow\" style=\"flex-basis:50%\">\n<div class=\"wp-block-group inline-block text-left\"><div class=\"wp-block-group__inner-container is-layout-flow wp-block-group-is-layout-flow\">\n<h2 class=\"wp-block-heading\"><strong>Chez NHC 24\/7 nous avons des techniciens certifi\u00e9 IICRC<\/strong>\u2063<\/h2>\n\n\n\n<hr class=\"wp-block-separator\"\/>\n\n\n\n<p>Ils ont \u00e9t\u00e9 form\u00e9s pour aborder chaque sinistre avec l\u2019intention d\u2019att\u00e9nuer les dommages et de contr\u00f4ler l\u2019humidit\u00e9 de mani\u00e8re efficace et ce, jusqu\u2019\u00e0 la fin des travaux.&nbsp; \u2063<\/p>\n\n\n\n<div style=\"height:20px\" aria-hidden=\"true\" class=\"wp-block-spacer\"><\/div>\n\n\n\n<p>Le r\u00e9sultat permet de r\u00e9duire l\u2019impact \u00e9conomique total du sinistre et de s\u2019assurer que le travail est \u00e0 la hauteur de vos propres standards.\u2063<\/p>\n\n\n\n<div style=\"height:20px\" aria-hidden=\"true\" class=\"wp-block-spacer\"><\/div>\n\n\n\n<p>\u2063Peu importe l&rsquo;ampleur du projet, nos professionnels qualifi\u00e9s sont affect\u00e9s \u00e0 la t\u00e2che et fournissent les r\u00e9sultats escompt\u00e9s !\u2063<\/p>\n\n\n\n<div style=\"height:41px\" aria-hidden=\"true\" class=\"wp-block-spacer\"><\/div>\n<\/div><\/div>\n<\/div>\n\n\n\n<div class=\"wp-block-column is-vertically-aligned-center is-layout-flow wp-block-column-is-layout-flow\" style=\"flex-basis:50%\">\n<div class=\"wp-block-image\"><figure class=\"aligncenter size-large\"><img loading=\"lazy\" decoding=\"async\" width=\"502\" height=\"572\" src=\"http:\/\/nhc247.ca\/wp-content\/uploads\/2020\/12\/sprinkler-cropped.jpg\" alt=\"\" class=\"wp-image-1663\" srcset=\"https:\/\/nhc247.ca\/wp-content\/uploads\/2020\/12\/sprinkler-cropped.jpg 502w, https:\/\/nhc247.ca\/wp-content\/uploads\/2020\/12\/sprinkler-cropped-263x300.jpg 263w\" sizes=\"auto, (max-width: 502px) 100vw, 502px\" \/><\/figure><\/div>\n<\/div>\n<\/div>\n\n\n\n<div style=\"height:52px\" aria-hidden=\"true\" class=\"wp-block-spacer\"><\/div>\n\n\n\n<div class=\"wp-block-columns are-vertically-aligned-center is-layout-flex wp-container-core-columns-is-layout-9d6595d7 wp-block-columns-is-layout-flex\">\n<div class=\"wp-block-column is-vertically-aligned-center is-layout-flow wp-block-column-is-layout-flow\">\n<div class=\"wp-block-image\"><figure class=\"aligncenter size-large\"><img loading=\"lazy\" decoding=\"async\" width=\"502\" height=\"572\" src=\"http:\/\/nhc247.ca\/wp-content\/uploads\/2020\/12\/dry-cropped.jpg\" alt=\"\" class=\"wp-image-1668\" srcset=\"https:\/\/nhc247.ca\/wp-content\/uploads\/2020\/12\/dry-cropped.jpg 502w, https:\/\/nhc247.ca\/wp-content\/uploads\/2020\/12\/dry-cropped-263x300.jpg 263w\" sizes=\"auto, (max-width: 502px) 100vw, 502px\" \/><\/figure><\/div>\n<\/div>\n\n\n\n<div class=\"wp-block-column is-vertically-aligned-center text-center is-layout-flow wp-block-column-is-layout-flow\">\n<div class=\"inline-block text-left\">\n<h2><strong>S\u00e9chages vari\u00e9s<\/strong><\/h2>\n<hr class=\"wp-block-separator\">\n<p>Besoin de 200 CFM ou 10,000 CFM pour le s\u00e9chage d\u2019un sinistre, nous serons pr\u00e9sents avec l\u2019\u00e9quipement appropri\u00e9 et les connaissances n\u00e9cessaires pour r\u00e9aliser la t\u00e2che. \u2063<\/p><br>\n<p>Pour des catastrophes \u00e0 grande \u00e9chelle, nous pouvons mobiliser plusieurs \u00e9quipes et\/ou assurer la supervision et la rotation de l\u2019\u00e9quipement. Les solutions sont pens\u00e9es en fonction de vos besoins sp\u00e9cifiques.\u2063\u2063<\/p><br>\n<p>Nous vous fournissons un plan d\u2019action pour augmenter vos capacit\u00e9s (employ\u00e9s et \u00e9quipement) lorsque vous en avez le plus besoin.\u2063\u2063<\/p><br>\n<p>Nous travaillons avec des plans d\u00e9taill\u00e9s des endroits touch\u00e9s (croquis des zones humides) et avec des rapports d\u2019ass\u00e8chements pour chaque zone.<\/p><br>\n<a class=\"bg-nhcblue hover:bg-nhcyellow-dark text-white p-4\" href=\"\/fr\/sechage-ameliores\/\">S\u00e9chage am\u00e9lior\u00e9<\/a>\n<\/div>\n<\/div>\n<\/div>\n\n\n\n<div style=\"height:87px\" aria-hidden=\"true\" class=\"wp-block-spacer\"><\/div>\n\n\n\n<div class=\"wp-block-columns is-layout-flex wp-container-core-columns-is-layout-9d6595d7 wp-block-columns-is-layout-flex\">\n<div class=\"wp-block-column is-vertically-aligned-center text-center is-layout-flow wp-block-column-is-layout-flow\" style=\"flex-basis:50%\">\n<div class=\"wp-block-group inline-block text-left\"><div class=\"wp-block-group__inner-container is-layout-flow wp-block-group-is-layout-flow\">\n<h2 class=\"wp-block-heading\"><strong>De l&rsquo;information utile\u2063<\/strong><\/h2>\n\n\n\n<hr class=\"wp-block-separator\"\/>\n\n\n\n<h4 class=\"wp-block-heading\"><strong>\u2063Il y a 3 cat\u00e9gories de d\u00e9g\u00e2ts d&rsquo;eau qui d\u00e9terminent comment un sinistre est trait\u00e9:\u2063<\/strong><\/h4>\n\n\n\n<div style=\"height:20px\" aria-hidden=\"true\" class=\"wp-block-spacer\"><\/div>\n\n\n\n<div class=\"wp-block-group\"><div class=\"wp-block-group__inner-container is-layout-flow wp-block-group-is-layout-flow\">\n<div class=\"wp-block-group\"><div class=\"wp-block-group__inner-container is-layout-flow wp-block-group-is-layout-flow\">\n<div class=\"wp-block-group\"><div class=\"wp-block-group__inner-container is-layout-flow wp-block-group-is-layout-flow\">\n<h5 class=\"wp-block-heading\"><strong>Eau propre:<\/strong> Une forme liquide de source propre et sanitaire.\u2063<\/h5>\n\n\n\n<h5 class=\"wp-block-heading\"><strong>Eau grise:<\/strong> Un liquide d\u00e9crit comme ayant un niveau de contamination qui peut causer maladie et inconfort lors qu&rsquo;ing\u00e9r\u00e9.\u2063<\/h5>\n\n\n\n<h5 class=\"wp-block-heading\"><strong>Eau noir:<\/strong> Le plus haut niveau de contamination et d&rsquo;insalubrit\u00e9. Peut causer de s\u00e9v\u00e8res maladies et m\u00eame la mort si ing\u00e9r\u00e9. Commun\u00e9ment appel\u00e9 un refoulement d&rsquo;\u00e9gout.\u2063<\/h5>\n<\/div><\/div>\n<\/div><\/div>\n\n\n\n<div style=\"height:20px\" aria-hidden=\"true\" class=\"wp-block-spacer\"><\/div>\n<\/div><\/div>\n\n\n\n<h4 class=\"wp-block-heading\"><strong>Il y a aussi 4 classes de sinistre d\u00e9termin\u00e9es par l&rsquo;ampleur des dommages et le type de s\u00e9chage requis :\u2063<\/strong><\/h4>\n\n\n\n<div style=\"height:24px\" aria-hidden=\"true\" class=\"wp-block-spacer\"><\/div>\n\n\n\n<p><strong>Classe 1:<\/strong> Le plus facile \u00e0 g\u00e9rer, lent et faible taux d&rsquo;\u00e9vaporation. Seulement une partie d&rsquo;une salle ou d&rsquo;une zone est affect\u00e9e. Il y a peu ou pas de tapis mouill\u00e9, et l&rsquo;humidit\u00e9 n&rsquo;a affect\u00e9 que le mat\u00e9riel avec un niveaux de perm\u00e9abilit\u00e9 bas, tel du contreplaqu\u00e9 ou du b\u00e9ton.\u2063<\/p>\n\n\n\n<div style=\"height:20px\" aria-hidden=\"true\" class=\"wp-block-spacer\"><\/div>\n\n\n\n<p><strong>Classe 2:<\/strong> Avec un taux d&rsquo;\u00e9vaporation rapide, ce niveau affecte une salle enti\u00e8re. Il y a du tapis d&rsquo;affect\u00e9. L&rsquo;humidit\u00e9 a affect\u00e9 les murs sur au moins 12\u201d en hauteur et il reste de l&rsquo;humidit\u00e9 sur la structure.\u2063<\/p>\n\n\n\n<div style=\"height:20px\" aria-hidden=\"true\" class=\"wp-block-spacer\"><\/div>\n\n\n\n<p><strong>Classe 3:<\/strong> Cette classe a le niveau d&rsquo;\u00e9vaporation le plus \u00e9lev\u00e9. Les plafonds, murs, isolation, tapis et le sous-plancher sont satur\u00e9s. Le liquide a pu venir d&rsquo;en haut.\u2063<\/p>\n\n\n\n<div style=\"height:20px\" aria-hidden=\"true\" class=\"wp-block-spacer\"><\/div>\n\n\n\n<p><strong>Classe 4:<\/strong> Cette classe est \u00e9tiquet\u00e9e comme une situation de s\u00e9chage sp\u00e9cial. Cela veut dire qu&rsquo;il y a eu assez de liquide et de temps pour saturer les mat\u00e9riaux avec bas niveaux de perm\u00e9abilit\u00e9, tel le bois franc, la brique ou la pierre.<\/p>\n<\/div><\/div>\n<\/div>\n\n\n\n<div class=\"wp-block-column is-vertically-aligned-center text-center is-layout-flow wp-block-column-is-layout-flow\" style=\"flex-basis:50%\">\n<div class=\"wp-block-image\"><figure class=\"aligncenter size-large\"><img loading=\"lazy\" decoding=\"async\" width=\"502\" height=\"572\" src=\"http:\/\/nhc247.ca\/wp-content\/uploads\/2020\/12\/picture-144824445-cropped2.jpg\" alt=\"\" class=\"wp-image-1657\" srcset=\"https:\/\/nhc247.ca\/wp-content\/uploads\/2020\/12\/picture-144824445-cropped2.jpg 502w, https:\/\/nhc247.ca\/wp-content\/uploads\/2020\/12\/picture-144824445-cropped2-263x300.jpg 263w\" sizes=\"auto, (max-width: 502px) 100vw, 502px\" \/><\/figure><\/div>\n<\/div>\n<\/div>\n\n\n\n<div style=\"height:87px\" aria-hidden=\"true\" class=\"wp-block-spacer\"><\/div>\n\n\n\n<h2 class=\"wp-block-heading\"><strong>Autre Informations Pertinentes\u2063<\/strong><\/h2>\n\n\n\n<hr class=\"wp-block-separator\"\/>\n\n\n\n<div style=\"height:20px\" aria-hidden=\"true\" class=\"wp-block-spacer\"><\/div>\n\n\n\n<h4 class=\"wp-block-heading\"><strong>Temps de s\u00e9chage typique pour un sinistre:\u2063<\/strong><\/h4>\n\n\n\n<p>Cela d\u00e9pend de plusieurs facteurs. Le type de cat\u00e9gorie d&rsquo;eau, la classe, la dimensions de la zone affect\u00e9e et quels mat\u00e9riaux ont \u00e9t\u00e9 atteints par l&rsquo;eau. La cat\u00e9gorie d\u00e9terminera s&rsquo;il nous est n\u00e9cessaire d&rsquo;enlever les mat\u00e9riaux ou s&rsquo;ils peuvent \u00eatre s\u00e9ch\u00e9s sur place. <\/p>\n\n\n\n<div style=\"height:20px\" aria-hidden=\"true\" class=\"wp-block-spacer\"><\/div>\n\n\n\n<p>Une fois les services d&rsquo;att\u00e9nuation des d\u00e9g\u00e2ts en place, vous devez vous attendre \u00e0 un minimum de 2-5 jours pour que les mat\u00e9riaux atteignent un niveau standard d&rsquo;humidit\u00e9. Certains sinistres requiert +\/- 30 jours pour s\u00e9cher des mat\u00e9riaux dense tel le b\u00e9ton, les larges structures incluant de multiple couches ou des salles sp\u00e9ciales sans statique ni poussi\u00e8re.\u2063<\/p>\n\n\n\n<div style=\"height:20px\" aria-hidden=\"true\" class=\"wp-block-spacer\"><\/div>\n\n\n\n<h4 class=\"wp-block-heading\"><strong>Proc\u00e9d\u00e9 typique pour le contr\u00f4le des inondations (Att\u00e9nuation):\u2063<\/strong><\/h4>\n\n\n\n<p>Contactez NHC 24\/7 pour recevoir un service d&rsquo;urgence 24\/7. Nous r\u00e9pondrons \u00e0 votre appel et r\u00e9cup\u00e9rerons les informations de base n\u00e9cessaires pour pr\u00e9parer nos \u00e9quipes pour un d\u00e9part rapide. Ceux-ci arriveront \u00e0 votre emplacement pour \u00e9valuer les dommages et l&rsquo;\u00e9tendue des travaux n\u00e9cessaires, d\u00e9butant avec l&rsquo;extraction de l&rsquo;eau. Nous ferons la liste des items endommag\u00e9s ainsi qu&rsquo;une liste du contenu irr\u00e9cup\u00e9rable accompagn\u00e9 de photos. Cette liste sera revue avec le propri\u00e9taire ou gestionnaire des lieux. Dans certains cas, les biens devront \u00eatre empaquet\u00e9s et d\u00e9m\u00e9nag\u00e9s vers un autre endroit de la propri\u00e9t\u00e9 ou m\u00eame dans nos entrep\u00f4ts de rangement acclimat\u00e9 pour un entreposage jusqu&rsquo;\u00e0 ce que les travaux soient termin\u00e9s et que la propri\u00e9t\u00e9 aie \u00e9t\u00e9 rendu \u00e0 sont \u00e9tat original.<\/p>\n\n\n\n<div style=\"height:20px\" aria-hidden=\"true\" class=\"wp-block-spacer\"><\/div>\n\n\n\n<p>D\u00e9butant avec l&rsquo;extraction des mat\u00e9riaux affect\u00e9s, si n\u00e9cessaire, ou l&rsquo;installation d&rsquo;\u00e9quipement de s\u00e9chage pour d\u00e9buter le processus. Une carte d\u00e9taill\u00e9e des niveaux d&rsquo;humidit\u00e9 accompagn\u00e9 des conditions atmosph\u00e9rique sera r\u00e9alis\u00e9. Plusieurs jours peuvent \u00eatre n\u00e9cessaire pour compl\u00e9ter le traitement des biens et des mat\u00e9riaux, d\u00e9pendamment du niveaux de dommage. Le s\u00e9chage des structures \u00e0 l&rsquo;aide de d\u00e9shumidificateurs et de ventilateurs est essentiel. Durant toutes ses \u00e9tapes une surveillance et le suivi des \u00e9quipements est fait. Apr\u00e8s v\u00e9rification que toutes les zones sont bien s\u00e8che, il est temps de ramasser l&rsquo;\u00e9quipement. Le processus est termin\u00e9 ! Pour plus d&rsquo;information, s&rsquo;il vous pla\u00eet visitez <a href=\"http:\/\/www.iicrc.org\">www.iicrc.org<\/a>.<\/p>\n","protected":false},"excerpt":{"rendered":"<p>Chez NHC 24\/7 nous avons des techniciens certifi\u00e9 IICRC\u2063 Ils ont \u00e9t\u00e9 form\u00e9s pour aborder chaque sinistre avec l\u2019intention d\u2019att\u00e9nuer les dommages et de contr\u00f4ler l\u2019humidit\u00e9 de mani\u00e8re efficace et ce, jusqu\u2019\u00e0 la fin des travaux.&nbsp; \u2063 Le r\u00e9sultat permet de r\u00e9duire l\u2019impact \u00e9conomique total du sinistre et de s\u2019assurer que le travail est \u00e0 [&hellip;]<\/p>\n","protected":false},"author":4,"featured_media":0,"parent":0,"menu_order":0,"comment_status":"closed","ping_status":"closed","template":"","meta":{"_acf_changed":false,"footnotes":""},"class_list":["post-610","page","type-page","status-publish","hentry"],"acf":[],"_links":{"self":[{"href":"https:\/\/nhc247.ca\/fr\/wp-json\/wp\/v2\/pages\/610","targetHints":{"allow":["GET"]}}],"collection":[{"href":"https:\/\/nhc247.ca\/fr\/wp-json\/wp\/v2\/pages"}],"about":[{"href":"https:\/\/nhc247.ca\/fr\/wp-json\/wp\/v2\/types\/page"}],"author":[{"embeddable":true,"href":"https:\/\/nhc247.ca\/fr\/wp-json\/wp\/v2\/users\/4"}],"replies":[{"embeddable":true,"href":"https:\/\/nhc247.ca\/fr\/wp-json\/wp\/v2\/comments?post=610"}],"version-history":[{"count":67,"href":"https:\/\/nhc247.ca\/fr\/wp-json\/wp\/v2\/pages\/610\/revisions"}],"predecessor-version":[{"id":1773,"href":"https:\/\/nhc247.ca\/fr\/wp-json\/wp\/v2\/pages\/610\/revisions\/1773"}],"wp:attachment":[{"href":"https:\/\/nhc247.ca\/fr\/wp-json\/wp\/v2\/media?parent=610"}],"curies":[{"name":"wp","href":"https:\/\/api.w.org\/{rel}","templated":true}]}}