{"id":253,"date":"2020-06-26T01:41:04","date_gmt":"2020-06-26T01:41:04","guid":{"rendered":"http:\/\/159.203.47.87\/lexpertise\/"},"modified":"2020-12-16T18:23:37","modified_gmt":"2020-12-16T18:23:37","slug":"lexpertise","status":"publish","type":"page","link":"https:\/\/nhc247.ca\/fr\/lexpertise\/","title":{"rendered":"Expertise"},"content":{"rendered":"\n<p class=\"has-text-align-center\">Nous mobilisons nos \u00e9quipes, notre \u00e9quipement et nos ressources \u00e0 l\u2019\u00e9chelle nationale. Nous travaillons avec des contracteurs dans plusieurs grandes villes du Canada, tel qu\u2019\u00e0 Halifax, Montr\u00e9al, Toronto, Windsor, Burlington, Winnipeg et Calgary, pour ne nommer que celles-ci. En cas de catastrophe naturelle, nous prenons en charge les\u00a0 multiples t\u00e2ches et offrons la gestion de petit et gros projets dans les h\u00f4pitaux, \u00e9coles et entreprises commerciales\/industrielles, ainsi que de gros projets de d\u00e9samiantage et d\u2019\u00e9limination de moisissure.<\/p>\n","protected":false},"excerpt":{"rendered":"<p>Nous mobilisons nos \u00e9quipes, notre \u00e9quipement et nos ressources \u00e0 l\u2019\u00e9chelle nationale. Nous travaillons avec des contracteurs dans plusieurs grandes villes du Canada, tel qu\u2019\u00e0 Halifax, Montr\u00e9al, Toronto, Windsor, Burlington, Winnipeg et Calgary, pour ne nommer que celles-ci. En cas de catastrophe naturelle, nous prenons en charge les\u00a0 multiples t\u00e2ches et offrons la gestion de [&hellip;]<\/p>\n","protected":false},"author":2,"featured_media":0,"parent":0,"menu_order":0,"comment_status":"closed","ping_status":"closed","template":"page-services.php","meta":{"_acf_changed":false,"footnotes":""},"class_list":["post-253","page","type-page","status-publish","hentry"],"acf":[],"_links":{"self":[{"href":"https:\/\/nhc247.ca\/fr\/wp-json\/wp\/v2\/pages\/253","targetHints":{"allow":["GET"]}}],"collection":[{"href":"https:\/\/nhc247.ca\/fr\/wp-json\/wp\/v2\/pages"}],"about":[{"href":"https:\/\/nhc247.ca\/fr\/wp-json\/wp\/v2\/types\/page"}],"author":[{"embeddable":true,"href":"https:\/\/nhc247.ca\/fr\/wp-json\/wp\/v2\/users\/2"}],"replies":[{"embeddable":true,"href":"https:\/\/nhc247.ca\/fr\/wp-json\/wp\/v2\/comments?post=253"}],"version-history":[{"count":26,"href":"https:\/\/nhc247.ca\/fr\/wp-json\/wp\/v2\/pages\/253\/revisions"}],"predecessor-version":[{"id":1765,"href":"https:\/\/nhc247.ca\/fr\/wp-json\/wp\/v2\/pages\/253\/revisions\/1765"}],"wp:attachment":[{"href":"https:\/\/nhc247.ca\/fr\/wp-json\/wp\/v2\/media?parent=253"}],"curies":[{"name":"wp","href":"https:\/\/api.w.org\/{rel}","templated":true}]}}