{"id":250,"date":"2020-06-26T01:27:53","date_gmt":"2020-06-26T01:27:53","guid":{"rendered":"http:\/\/159.203.47.87\/location-dequipement\/"},"modified":"2020-12-16T18:24:45","modified_gmt":"2020-12-16T18:24:45","slug":"location-dequipement","status":"publish","type":"page","link":"https:\/\/nhc247.ca\/fr\/location-dequipement\/","title":{"rendered":"Location D&rsquo;\u00e9quipement"},"content":{"rendered":"\n<div class=\"wp-block-columns is-layout-flex wp-container-core-columns-is-layout-9d6595d7 wp-block-columns-is-layout-flex\">\n<div class=\"wp-block-column is-vertically-aligned-center is-layout-flow wp-block-column-is-layout-flow\">\n<div class=\"wp-block-group\"><div class=\"wp-block-group__inner-container is-layout-flow wp-block-group-is-layout-flow\">\n<h2 class=\"wp-block-heading\">Location D&rsquo;\u00e9quipement<\/h2>\n\n\n\n<hr class=\"wp-block-separator\"\/>\n\n\n\n<p>Localement ou \u00e0 l&rsquo;\u00e9chelle nationale, nous livrerons tout ce dont vous avez besoin. Nous avons un large \u00e9ventail d&rsquo;\u00e9quipement de s\u00e9chage et de filtration pour r\u00e9pondre \u00e0 vos demandes. En voici quelques exemples : D\u00e9shumidificateurs LGR, Ventilateurs axiaux, \u00c9purateurs d&rsquo;air, G\u00e9n\u00e9rateurs d&rsquo;hydroxyle, D\u00e9shydrateurs \/ desiccants transportable ou mont\u00e9s sur remorque. Nous pouvons organiser la livraison \u00e0 l&rsquo;endroit de votre choix, au moment d\u00e9sir\u00e9. Nous offrons aussi un service de suivi pour sinistre \u00e0 grande \u00e9chelle ou de d\u00e9sastre. <\/p>\n\n\n\n<div style=\"height:20px\" aria-hidden=\"true\" class=\"wp-block-spacer\"><\/div>\n\n\n\n<p><strong>Appelez-nous d\u00e8s aujourd&rsquo;hui pour une liste compl\u00e8te de nos \u00e9quipements et demandez comment devenir un locataire privil\u00e9gi\u00e9.<\/strong><\/p>\n<\/div><\/div>\n<\/div>\n\n\n\n<div class=\"wp-block-column is-vertically-aligned-center is-layout-flow wp-block-column-is-layout-flow\">\n<div style=\"height:20px\" aria-hidden=\"true\" class=\"wp-block-spacer\"><\/div>\n\n\n\n<div class=\"wp-block-image\"><figure class=\"aligncenter size-large is-resized\"><img loading=\"lazy\" decoding=\"async\" src=\"http:\/\/nhc247.ca\/wp-content\/uploads\/2020\/12\/Screen-Shot-2014-09-24-at-11.45.24-AM-1.png\" alt=\"\" class=\"wp-image-1676\" width=\"463\" height=\"462\" srcset=\"https:\/\/nhc247.ca\/wp-content\/uploads\/2020\/12\/Screen-Shot-2014-09-24-at-11.45.24-AM-1.png 725w, https:\/\/nhc247.ca\/wp-content\/uploads\/2020\/12\/Screen-Shot-2014-09-24-at-11.45.24-AM-1-300x300.png 300w, https:\/\/nhc247.ca\/wp-content\/uploads\/2020\/12\/Screen-Shot-2014-09-24-at-11.45.24-AM-1-150x150.png 150w\" sizes=\"auto, (max-width: 463px) 100vw, 463px\" \/><\/figure><\/div>\n<\/div>\n<\/div>\n","protected":false},"excerpt":{"rendered":"<p>Location D&rsquo;\u00e9quipement Localement ou \u00e0 l&rsquo;\u00e9chelle nationale, nous livrerons tout ce dont vous avez besoin. Nous avons un large \u00e9ventail d&rsquo;\u00e9quipement de s\u00e9chage et de filtration pour r\u00e9pondre \u00e0 vos demandes. En voici quelques exemples : D\u00e9shumidificateurs LGR, Ventilateurs axiaux, \u00c9purateurs d&rsquo;air, G\u00e9n\u00e9rateurs d&rsquo;hydroxyle, D\u00e9shydrateurs \/ desiccants transportable ou mont\u00e9s sur remorque. Nous pouvons organiser [&hellip;]<\/p>\n","protected":false},"author":2,"featured_media":0,"parent":0,"menu_order":0,"comment_status":"closed","ping_status":"closed","template":"page-equipment-rental.php","meta":{"_acf_changed":false,"footnotes":""},"class_list":["post-250","page","type-page","status-publish","hentry"],"acf":[],"_links":{"self":[{"href":"https:\/\/nhc247.ca\/fr\/wp-json\/wp\/v2\/pages\/250","targetHints":{"allow":["GET"]}}],"collection":[{"href":"https:\/\/nhc247.ca\/fr\/wp-json\/wp\/v2\/pages"}],"about":[{"href":"https:\/\/nhc247.ca\/fr\/wp-json\/wp\/v2\/types\/page"}],"author":[{"embeddable":true,"href":"https:\/\/nhc247.ca\/fr\/wp-json\/wp\/v2\/users\/2"}],"replies":[{"embeddable":true,"href":"https:\/\/nhc247.ca\/fr\/wp-json\/wp\/v2\/comments?post=250"}],"version-history":[{"count":17,"href":"https:\/\/nhc247.ca\/fr\/wp-json\/wp\/v2\/pages\/250\/revisions"}],"predecessor-version":[{"id":1766,"href":"https:\/\/nhc247.ca\/fr\/wp-json\/wp\/v2\/pages\/250\/revisions\/1766"}],"wp:attachment":[{"href":"https:\/\/nhc247.ca\/fr\/wp-json\/wp\/v2\/media?parent=250"}],"curies":[{"name":"wp","href":"https:\/\/api.w.org\/{rel}","templated":true}]}}