{"id":249,"date":"2020-06-26T01:41:32","date_gmt":"2020-06-26T01:41:32","guid":{"rendered":"http:\/\/159.203.47.87\/emplois\/"},"modified":"2023-07-26T14:37:16","modified_gmt":"2023-07-26T14:37:16","slug":"emplois","status":"publish","type":"page","link":"https:\/\/nhc247.ca\/fr\/emplois\/","title":{"rendered":"Emplois"},"content":{"rendered":"\n<div class=\"wp-block-columns are-vertically-aligned-center is-layout-flex wp-container-core-columns-is-layout-9d6595d7 wp-block-columns-is-layout-flex\">\n<div class=\"wp-block-column is-vertically-aligned-center is-layout-flow wp-block-column-is-layout-flow\">\n<h2 class=\"wp-block-heading\">FORMULAIRE D\u2019EMPLOI<\/h2>\n\n\n\n<hr class=\"wp-block-separator has-css-opacity\"\/>\n\n\n\n<p>Pas d&rsquo;exp\u00e9rience? Aucun probl\u00e8me! Nous formons et proposons de nombreuses certifications. Nous sommes fiers de notre \u00e9quipe et de sa connaissance de l&rsquo;industrie. Avoir une \u00e9quipe formidable, d\u00e9vou\u00e9e et form\u00e9e fait de NHC 24\/7 un endroit id\u00e9al pour grandir et travailler sur vos objectifs de carri\u00e8re. Nous recherchons des membres de l&rsquo;\u00e9quipe comme vous! Postulez d\u00e8s aujourd&rsquo;hui et commencez votre nouvelle carri\u00e8re passionnante dans la restauration apr\u00e8s sinistre!<\/p>\n\n\n\n<hr class=\"wp-block-separator has-css-opacity\"\/>\n\n\n\n<div style=\"height:53px\" aria-hidden=\"true\" class=\"wp-block-spacer\"><\/div>\n\n\n\n<p><strong><a href=\"https:\/\/nhc247.bamboohr.com\/jobs\/\" target=\"_blank\" rel=\"noreferrer noopener\">Cliquez ici pour voir les carri\u00e8res disponibles et postuler via BambooHR<\/a><\/strong><\/p>\n<\/div>\n\n\n\n<div class=\"wp-block-column is-vertically-aligned-center is-layout-flow wp-block-column-is-layout-flow\"><div class=\"wp-block-image\">\n<figure class=\"alignright size-large is-resized\"><img loading=\"lazy\" decoding=\"async\" src=\"http:\/\/nhc247.ca\/wp-content\/uploads\/2020\/10\/nhc-decal-769x1024.png\" alt=\"\" class=\"wp-image-413\" width=\"341\" height=\"453\" srcset=\"https:\/\/nhc247.ca\/wp-content\/uploads\/2020\/10\/nhc-decal-769x1024.png 769w, https:\/\/nhc247.ca\/wp-content\/uploads\/2020\/10\/nhc-decal-225x300.png 225w, https:\/\/nhc247.ca\/wp-content\/uploads\/2020\/10\/nhc-decal-768x1023.png 768w, https:\/\/nhc247.ca\/wp-content\/uploads\/2020\/10\/nhc-decal.png 801w\" sizes=\"auto, (max-width: 341px) 100vw, 341px\" \/><\/figure>\n<\/div><\/div>\n<\/div>\n","protected":false},"excerpt":{"rendered":"<p>FORMULAIRE D\u2019EMPLOI Pas d&rsquo;exp\u00e9rience? Aucun probl\u00e8me! Nous formons et proposons de nombreuses certifications. Nous sommes fiers de notre \u00e9quipe et de sa connaissance de l&rsquo;industrie. Avoir une \u00e9quipe formidable, d\u00e9vou\u00e9e et form\u00e9e fait de NHC 24\/7 un endroit id\u00e9al pour grandir et travailler sur vos objectifs de carri\u00e8re. Nous recherchons des membres de l&rsquo;\u00e9quipe comme [&hellip;]<\/p>\n","protected":false},"author":2,"featured_media":0,"parent":0,"menu_order":0,"comment_status":"closed","ping_status":"closed","template":"","meta":{"_acf_changed":false,"footnotes":""},"class_list":["post-249","page","type-page","status-publish","hentry"],"acf":[],"_links":{"self":[{"href":"https:\/\/nhc247.ca\/fr\/wp-json\/wp\/v2\/pages\/249","targetHints":{"allow":["GET"]}}],"collection":[{"href":"https:\/\/nhc247.ca\/fr\/wp-json\/wp\/v2\/pages"}],"about":[{"href":"https:\/\/nhc247.ca\/fr\/wp-json\/wp\/v2\/types\/page"}],"author":[{"embeddable":true,"href":"https:\/\/nhc247.ca\/fr\/wp-json\/wp\/v2\/users\/2"}],"replies":[{"embeddable":true,"href":"https:\/\/nhc247.ca\/fr\/wp-json\/wp\/v2\/comments?post=249"}],"version-history":[{"count":16,"href":"https:\/\/nhc247.ca\/fr\/wp-json\/wp\/v2\/pages\/249\/revisions"}],"predecessor-version":[{"id":1860,"href":"https:\/\/nhc247.ca\/fr\/wp-json\/wp\/v2\/pages\/249\/revisions\/1860"}],"wp:attachment":[{"href":"https:\/\/nhc247.ca\/fr\/wp-json\/wp\/v2\/media?parent=249"}],"curies":[{"name":"wp","href":"https:\/\/api.w.org\/{rel}","templated":true}]}}