{"id":248,"date":"2020-06-26T01:42:21","date_gmt":"2020-06-26T01:42:21","guid":{"rendered":"http:\/\/159.203.47.87\/a-propos-de-nous\/"},"modified":"2020-12-02T16:53:28","modified_gmt":"2020-12-02T16:53:28","slug":"a-propos-de-nous","status":"publish","type":"page","link":"https:\/\/nhc247.ca\/fr\/a-propos-de-nous\/","title":{"rendered":"\u00c0 propos de nous"},"content":{"rendered":"\n<div class=\"wp-block-columns is-layout-flex wp-container-core-columns-is-layout-9d6595d7 wp-block-columns-is-layout-flex\">\n<div class=\"wp-block-column is-vertically-aligned-center is-layout-flow wp-block-column-is-layout-flow\">\n<h2 class=\"wp-block-heading\">\u00c0 propos de nous<\/h2>\n\n\n\n<hr class=\"wp-block-separator\"\/>\n\n\n\n<p>NHC 24\/7 ou Nettoyage Houle Cleaning a \u00e9t\u00e9 fond\u00e9e en 1994. La compagnie a une croissance soutenue depuis et sera pr\u00e9sente pour encore plusieurs ann\u00e9es. Fondamentalement, nous voulons que vous sachiez que vous avez ici un alli\u00e9 sur qui vous pourrez compter pour plusieurs ann\u00e9es!<\/p>\n\n\n\n<div style=\"height:20px\" aria-hidden=\"true\" class=\"wp-block-spacer\"><\/div>\n\n\n\n<p>Notre personnel est bilingue (anglais et fran\u00e7ais). Nous devons pouvoir communiquer rapidement en cas de catastrophe! Vous pouvez vous sentir \u00e0 votre aise avec notre personnel en sachant que nous pouvons vous aider dans les deux langues officielles.<\/p>\n<\/div>\n\n\n\n<div class=\"wp-block-column is-layout-flow wp-block-column-is-layout-flow\">\n<div class=\"wp-block-image\"><figure class=\"alignright size-large is-resized\"><img loading=\"lazy\" decoding=\"async\" src=\"http:\/\/nhc247.ca\/wp-content\/uploads\/2020\/10\/nhc-decal-769x1024.png\" alt=\"\" class=\"wp-image-413\" width=\"322\" height=\"429\" srcset=\"https:\/\/nhc247.ca\/wp-content\/uploads\/2020\/10\/nhc-decal-769x1024.png 769w, https:\/\/nhc247.ca\/wp-content\/uploads\/2020\/10\/nhc-decal-225x300.png 225w, https:\/\/nhc247.ca\/wp-content\/uploads\/2020\/10\/nhc-decal-768x1023.png 768w, https:\/\/nhc247.ca\/wp-content\/uploads\/2020\/10\/nhc-decal.png 801w\" sizes=\"auto, (max-width: 322px) 100vw, 322px\" \/><\/figure><\/div>\n<\/div>\n<\/div>\n\n\n\n<h3 class=\"wp-block-heading\">Certifi\u00e9 IICRC<\/h3>\n\n\n\n<hr class=\"wp-block-separator\"\/>\n\n\n\n<p>Nous avons des professionnels qualifi\u00e9s IICRC, avec plusieurs ann\u00e9es d\u2019exp\u00e9rience dans l\u2019industrie. Nos protocoles et nos processus d\u2019ex\u00e9cution des t\u00e2ches sont bas\u00e9s sur les standards IICRC, sur les meilleurs pratique de l\u2019industrie ainsi que les r\u00e9glementations gouvernementales (peu importe la ville ou province dans laquelle nous travaillons). Nous croyons fortement que l\u2019\u00e9ducation est la cl\u00e9 du succ\u00e8s. Nous formons donc nos \u00e9quipes et leur donnons les connaissances n\u00e9cessaires pour entreprendre n\u2019importe quel travail, peu importe sa complexit\u00e9.<\/p>\n\n\n\n<div style=\"height:54px\" aria-hidden=\"true\" class=\"wp-block-spacer\"><\/div>\n\n\n\n<h3 class=\"wp-block-heading\">Exp\u00e9rience avec les d\u00e9sastres partout au pays<\/h3>\n\n\n\n<hr class=\"wp-block-separator\"\/>\n\n\n\n<p>Nous mobilisons nos \u00e9quipes, notre \u00e9quipement et nos ressources \u00e0 l\u2019\u00e9chelle nationale. Nous avons servis des contracteurs dans plusieurs grandes ville du Canada, tel qu\u2019\u00e0 Halifax, Montr\u00e9al, Toronto, Windsor, Burlington, Winnipeg et Calgary, pour ne nommer que celles-ci. Nous y avons pris en charge des catastrophes naturelle, r\u00e9sultant en de multiples t\u00e2ches, la gestion et le s\u00e9chage de sinistre \u00e0 grande \u00e9chelle, tel que les h\u00f4pitaux, \u00e9coles et entreprises commerciales\/industriel, ainsi que de gros projets de d\u00e9samiantage et d\u2019\u00e9limination de moisissure.<\/p>\n\n\n\n<div style=\"height:100px\" aria-hidden=\"true\" class=\"wp-block-spacer\"><\/div>\n\n\n\n<p><\/p>\n","protected":false},"excerpt":{"rendered":"<p>\u00c0 propos de nous NHC 24\/7 ou Nettoyage Houle Cleaning a \u00e9t\u00e9 fond\u00e9e en 1994. La compagnie a une croissance soutenue depuis et sera pr\u00e9sente pour encore plusieurs ann\u00e9es. Fondamentalement, nous voulons que vous sachiez que vous avez ici un alli\u00e9 sur qui vous pourrez compter pour plusieurs ann\u00e9es! Notre personnel est bilingue (anglais et [&hellip;]<\/p>\n","protected":false},"author":2,"featured_media":0,"parent":0,"menu_order":0,"comment_status":"closed","ping_status":"closed","template":"page-about.php","meta":{"_acf_changed":false,"footnotes":""},"class_list":["post-248","page","type-page","status-publish","hentry"],"acf":[],"_links":{"self":[{"href":"https:\/\/nhc247.ca\/fr\/wp-json\/wp\/v2\/pages\/248","targetHints":{"allow":["GET"]}}],"collection":[{"href":"https:\/\/nhc247.ca\/fr\/wp-json\/wp\/v2\/pages"}],"about":[{"href":"https:\/\/nhc247.ca\/fr\/wp-json\/wp\/v2\/types\/page"}],"author":[{"embeddable":true,"href":"https:\/\/nhc247.ca\/fr\/wp-json\/wp\/v2\/users\/2"}],"replies":[{"embeddable":true,"href":"https:\/\/nhc247.ca\/fr\/wp-json\/wp\/v2\/comments?post=248"}],"version-history":[{"count":60,"href":"https:\/\/nhc247.ca\/fr\/wp-json\/wp\/v2\/pages\/248\/revisions"}],"predecessor-version":[{"id":1722,"href":"https:\/\/nhc247.ca\/fr\/wp-json\/wp\/v2\/pages\/248\/revisions\/1722"}],"wp:attachment":[{"href":"https:\/\/nhc247.ca\/fr\/wp-json\/wp\/v2\/media?parent=248"}],"curies":[{"name":"wp","href":"https:\/\/api.w.org\/{rel}","templated":true}]}}