{"id":1356,"date":"2020-11-25T18:16:05","date_gmt":"2020-11-25T18:16:05","guid":{"rendered":"http:\/\/nhc247.ca\/?page_id=1356"},"modified":"2020-11-26T14:31:26","modified_gmt":"2020-11-26T14:31:26","slug":"autres-services","status":"publish","type":"page","link":"https:\/\/nhc247.ca\/fr\/autres-services\/","title":{"rendered":"Autres Services"},"content":{"rendered":"\n<div class=\"wp-block-columns is-layout-flex wp-container-core-columns-is-layout-9d6595d7 wp-block-columns-is-layout-flex\">\n<div class=\"wp-block-column is-vertically-aligned-center text-center is-layout-flow wp-block-column-is-layout-flow\">\n<div class=\"inline-block text-left\">\n<h2>Autres Services<\/h2>\n\n<hr>\n\n<ul class=\"yellow-bullets text-xl\">\n \t<li>Nettoyage sp\u00e9cialis\u00e9<\/li>\n \t<li>S\u00e9curisation des lieux apr\u00e8s sinistre<\/li>\n \t<li>Inspection par thermacam<\/li>\n \t<li>Suppression d&rsquo;odeur<\/li>\n \t<li>S\u00e9chage de structure<\/li>\n<\/ul><br>\n<\/div>\n\n\n\n<div style=\"height:20px\" aria-hidden=\"true\" class=\"wp-block-spacer\"><\/div>\n<\/div>\n\n\n\n<div class=\"wp-block-column is-layout-flow wp-block-column-is-layout-flow\">\n<figure class=\"wp-block-gallery columns-2 is-cropped wp-block-gallery-1 is-layout-flex wp-block-gallery-is-layout-flex\"><ul class=\"blocks-gallery-grid\"><li class=\"blocks-gallery-item\"><figure><img loading=\"lazy\" decoding=\"async\" width=\"500\" height=\"500\" src=\"http:\/\/nhc247.ca\/wp-content\/uploads\/2020\/11\/specialty-drying.jpg\" alt=\"\" data-id=\"1522\" data-full-url=\"http:\/\/nhc247.ca\/wp-content\/uploads\/2020\/11\/specialty-drying.jpg\" data-link=\"http:\/\/nhc247.ca\/fr\/autres-services\/specialty-drying-2\/\" class=\"wp-image-1522\" srcset=\"https:\/\/nhc247.ca\/wp-content\/uploads\/2020\/11\/specialty-drying.jpg 500w, https:\/\/nhc247.ca\/wp-content\/uploads\/2020\/11\/specialty-drying-300x300.jpg 300w, https:\/\/nhc247.ca\/wp-content\/uploads\/2020\/11\/specialty-drying-150x150.jpg 150w\" sizes=\"auto, (max-width: 500px) 100vw, 500px\" \/><\/figure><\/li><li class=\"blocks-gallery-item\"><figure><img loading=\"lazy\" decoding=\"async\" width=\"600\" height=\"600\" src=\"http:\/\/nhc247.ca\/wp-content\/uploads\/2020\/11\/boarding-services.jpg\" alt=\"\" data-id=\"1347\" data-full-url=\"http:\/\/nhc247.ca\/wp-content\/uploads\/2020\/11\/boarding-services.jpg\" data-link=\"http:\/\/nhc247.ca\/fr\/autres-services\/boarding-services\/\" class=\"wp-image-1347\" srcset=\"https:\/\/nhc247.ca\/wp-content\/uploads\/2020\/11\/boarding-services.jpg 600w, https:\/\/nhc247.ca\/wp-content\/uploads\/2020\/11\/boarding-services-300x300.jpg 300w, https:\/\/nhc247.ca\/wp-content\/uploads\/2020\/11\/boarding-services-150x150.jpg 150w\" sizes=\"auto, (max-width: 600px) 100vw, 600px\" \/><\/figure><\/li><li class=\"blocks-gallery-item\"><figure><img loading=\"lazy\" decoding=\"async\" width=\"500\" height=\"500\" src=\"http:\/\/nhc247.ca\/wp-content\/uploads\/2020\/11\/thermal-camera-inspection-2.jpg\" alt=\"\" data-id=\"1397\" data-full-url=\"http:\/\/nhc247.ca\/wp-content\/uploads\/2020\/11\/thermal-camera-inspection-2.jpg\" data-link=\"http:\/\/nhc247.ca\/fr\/autres-services\/thermal-camera-inspection-2-2\/\" class=\"wp-image-1397\" srcset=\"https:\/\/nhc247.ca\/wp-content\/uploads\/2020\/11\/thermal-camera-inspection-2.jpg 500w, https:\/\/nhc247.ca\/wp-content\/uploads\/2020\/11\/thermal-camera-inspection-2-300x300.jpg 300w, https:\/\/nhc247.ca\/wp-content\/uploads\/2020\/11\/thermal-camera-inspection-2-150x150.jpg 150w\" sizes=\"auto, (max-width: 500px) 100vw, 500px\" \/><\/figure><\/li><li class=\"blocks-gallery-item\"><figure><img loading=\"lazy\" decoding=\"async\" width=\"500\" height=\"500\" src=\"http:\/\/nhc247.ca\/wp-content\/uploads\/2020\/11\/odour-removal.jpg\" alt=\"\" data-id=\"1518\" data-full-url=\"http:\/\/nhc247.ca\/wp-content\/uploads\/2020\/11\/odour-removal.jpg\" data-link=\"http:\/\/nhc247.ca\/fr\/autres-services\/odour-removal-2\/\" class=\"wp-image-1518\" srcset=\"https:\/\/nhc247.ca\/wp-content\/uploads\/2020\/11\/odour-removal.jpg 500w, https:\/\/nhc247.ca\/wp-content\/uploads\/2020\/11\/odour-removal-300x300.jpg 300w, https:\/\/nhc247.ca\/wp-content\/uploads\/2020\/11\/odour-removal-150x150.jpg 150w\" sizes=\"auto, (max-width: 500px) 100vw, 500px\" \/><\/figure><\/li><\/ul><\/figure>\n<\/div>\n<\/div>\n\n\n\n<div style=\"height:60px\" aria-hidden=\"true\" class=\"wp-block-spacer\"><\/div>\n\n\n\n<div class=\"wp-block-columns is-layout-flex wp-container-core-columns-is-layout-9d6595d7 wp-block-columns-is-layout-flex\">\n<div class=\"wp-block-column is-vertically-aligned-center is-layout-flow wp-block-column-is-layout-flow\">\n<figure class=\"wp-block-gallery aligncenter columns-2 is-cropped wp-block-gallery-2 is-layout-flex wp-block-gallery-is-layout-flex\"><ul class=\"blocks-gallery-grid\"><li class=\"blocks-gallery-item\"><figure><img loading=\"lazy\" decoding=\"async\" width=\"500\" height=\"500\" src=\"http:\/\/nhc247.ca\/wp-content\/uploads\/2020\/11\/packout.jpg\" alt=\"\" data-id=\"1520\" data-full-url=\"http:\/\/nhc247.ca\/wp-content\/uploads\/2020\/11\/packout.jpg\" data-link=\"http:\/\/nhc247.ca\/fr\/autres-services\/packout-2\/\" class=\"wp-image-1520\" srcset=\"https:\/\/nhc247.ca\/wp-content\/uploads\/2020\/11\/packout.jpg 500w, https:\/\/nhc247.ca\/wp-content\/uploads\/2020\/11\/packout-300x300.jpg 300w, https:\/\/nhc247.ca\/wp-content\/uploads\/2020\/11\/packout-150x150.jpg 150w\" sizes=\"auto, (max-width: 500px) 100vw, 500px\" \/><\/figure><\/li><li class=\"blocks-gallery-item\"><figure><img loading=\"lazy\" decoding=\"async\" width=\"600\" height=\"600\" src=\"http:\/\/nhc247.ca\/wp-content\/uploads\/2020\/11\/carpet-cleaning.jpg\" alt=\"\" data-id=\"1349\" data-full-url=\"http:\/\/nhc247.ca\/wp-content\/uploads\/2020\/11\/carpet-cleaning.jpg\" data-link=\"http:\/\/nhc247.ca\/fr\/autres-services\/carpet-cleaning\/\" class=\"wp-image-1349\" srcset=\"https:\/\/nhc247.ca\/wp-content\/uploads\/2020\/11\/carpet-cleaning.jpg 600w, https:\/\/nhc247.ca\/wp-content\/uploads\/2020\/11\/carpet-cleaning-300x300.jpg 300w, https:\/\/nhc247.ca\/wp-content\/uploads\/2020\/11\/carpet-cleaning-150x150.jpg 150w\" sizes=\"auto, (max-width: 600px) 100vw, 600px\" \/><\/figure><\/li><li class=\"blocks-gallery-item\"><figure><img loading=\"lazy\" decoding=\"async\" width=\"500\" height=\"500\" src=\"http:\/\/nhc247.ca\/wp-content\/uploads\/2020\/11\/biohazard.jpg\" alt=\"\" data-id=\"1516\" data-full-url=\"http:\/\/nhc247.ca\/wp-content\/uploads\/2020\/11\/biohazard.jpg\" data-link=\"http:\/\/nhc247.ca\/fr\/autres-services\/biohazard-2\/\" class=\"wp-image-1516\" srcset=\"https:\/\/nhc247.ca\/wp-content\/uploads\/2020\/11\/biohazard.jpg 500w, https:\/\/nhc247.ca\/wp-content\/uploads\/2020\/11\/biohazard-300x300.jpg 300w, https:\/\/nhc247.ca\/wp-content\/uploads\/2020\/11\/biohazard-150x150.jpg 150w\" sizes=\"auto, (max-width: 500px) 100vw, 500px\" \/><\/figure><\/li><li class=\"blocks-gallery-item\"><figure><img loading=\"lazy\" decoding=\"async\" width=\"500\" height=\"500\" src=\"http:\/\/nhc247.ca\/wp-content\/uploads\/2020\/11\/document-recovery-1.jpg\" alt=\"\" data-id=\"1380\" data-full-url=\"http:\/\/nhc247.ca\/wp-content\/uploads\/2020\/11\/document-recovery-1.jpg\" data-link=\"http:\/\/nhc247.ca\/fr\/autres-services\/document-recovery-2\/\" class=\"wp-image-1380\" srcset=\"https:\/\/nhc247.ca\/wp-content\/uploads\/2020\/11\/document-recovery-1.jpg 500w, https:\/\/nhc247.ca\/wp-content\/uploads\/2020\/11\/document-recovery-1-300x300.jpg 300w, https:\/\/nhc247.ca\/wp-content\/uploads\/2020\/11\/document-recovery-1-150x150.jpg 150w\" sizes=\"auto, (max-width: 500px) 100vw, 500px\" \/><\/figure><\/li><\/ul><\/figure>\n\n\n\n<div style=\"height:20px\" aria-hidden=\"true\" class=\"wp-block-spacer\"><\/div>\n<\/div>\n\n\n\n<div class=\"wp-block-column is-vertically-aligned-center text-center is-layout-flow wp-block-column-is-layout-flow\">\n<div class=\"inline-block text-left\">\n<h2>Nous avons encore<br> plus \u00e0 vous offrir!<\/h2>\n\n<hr>\n\n<ul class=\"yellow-bullets text-xl\">\n \t<li>Empaquetage &amp; entreposage<\/li>\n \t<li>Nettoyage de tapis et de tapisserie<\/li>\n \t<li>Nettoyage de lieu \u00e0 risque Biohazard<\/li>\n \t<li>S\u00e9chage et nettoyage de documents<\/li>\n<\/ul><br>\n<p class=\"text-xl\">Vous cherchez plus de services? <br><strong><a href=\"#contact-form\">Contactez-nous d\u00e8s aujourd&rsquo;hui!<\/a><\/strong><\/p>\n<\/div>\n<\/div>\n<\/div>\n","protected":false},"excerpt":{"rendered":"<p>Autres Services Nettoyage sp\u00e9cialis\u00e9 S\u00e9curisation des lieux apr\u00e8s sinistre Inspection par thermacam Suppression d&rsquo;odeur S\u00e9chage de structure Nous avons encore plus \u00e0 vous offrir! Empaquetage &amp; entreposage Nettoyage de tapis et de tapisserie Nettoyage de lieu \u00e0 risque Biohazard S\u00e9chage et nettoyage de documents Vous cherchez plus de services? Contactez-nous d\u00e8s aujourd&rsquo;hui!<\/p>\n","protected":false},"author":3,"featured_media":0,"parent":0,"menu_order":0,"comment_status":"closed","ping_status":"closed","template":"","meta":{"_acf_changed":false,"footnotes":""},"class_list":["post-1356","page","type-page","status-publish","hentry"],"acf":[],"_links":{"self":[{"href":"https:\/\/nhc247.ca\/fr\/wp-json\/wp\/v2\/pages\/1356","targetHints":{"allow":["GET"]}}],"collection":[{"href":"https:\/\/nhc247.ca\/fr\/wp-json\/wp\/v2\/pages"}],"about":[{"href":"https:\/\/nhc247.ca\/fr\/wp-json\/wp\/v2\/types\/page"}],"author":[{"embeddable":true,"href":"https:\/\/nhc247.ca\/fr\/wp-json\/wp\/v2\/users\/3"}],"replies":[{"embeddable":true,"href":"https:\/\/nhc247.ca\/fr\/wp-json\/wp\/v2\/comments?post=1356"}],"version-history":[{"count":32,"href":"https:\/\/nhc247.ca\/fr\/wp-json\/wp\/v2\/pages\/1356\/revisions"}],"predecessor-version":[{"id":1532,"href":"https:\/\/nhc247.ca\/fr\/wp-json\/wp\/v2\/pages\/1356\/revisions\/1532"}],"wp:attachment":[{"href":"https:\/\/nhc247.ca\/fr\/wp-json\/wp\/v2\/media?parent=1356"}],"curies":[{"name":"wp","href":"https:\/\/api.w.org\/{rel}","templated":true}]}}