{"id":1119,"date":"2020-11-16T19:44:43","date_gmt":"2020-11-16T19:44:43","guid":{"rendered":"http:\/\/nhc247.ca\/?page_id=1119"},"modified":"2020-12-16T18:40:30","modified_gmt":"2020-12-16T18:40:30","slug":"services-de-nettoyage","status":"publish","type":"page","link":"https:\/\/nhc247.ca\/fr\/services-de-nettoyage\/","title":{"rendered":"Services de Nettoyage"},"content":{"rendered":"\n<div class=\"wp-block-columns is-layout-flex wp-container-core-columns-is-layout-9d6595d7 wp-block-columns-is-layout-flex\">\n<div class=\"wp-block-column is-layout-flow wp-block-column-is-layout-flow\">\n<h2 class=\"wp-block-heading\">Services de Nettoyage<\/h2>\n\n\n\n<div style=\"height:20px\" aria-hidden=\"true\" class=\"wp-block-spacer\"><\/div>\n\n\n\n<p><strong>Nous avons encore plus \u00e0 vous offrir !<\/strong><\/p>\n\n\n\n<div style=\"height:20px\" aria-hidden=\"true\" class=\"wp-block-spacer\"><\/div>\n\n\n\n<ul class=\"yellow-bullets wp-block-list\"><li>Lavage sous pression (vapeur et eau)<\/li><li>Moisissure, feu, eau, amiante<\/li><li>Suppression d&rsquo;odeur<\/li><li>Nettoyage de tapis et de tapisserie<\/li><li>Nettoyage de lieu \u00e0 risque Biohazard<\/li><li>S\u00e9chage et nettoyage de documents<\/li><\/ul>\n\n\n\n<div style=\"height:20px\" aria-hidden=\"true\" class=\"wp-block-spacer\"><\/div>\n\n\n\n<div style=\"height:20px\" aria-hidden=\"true\" class=\"wp-block-spacer\"><\/div>\n\n\n\n<p><strong>Si vous n\u00e9cessitez un service qui n\u2019est pas affich\u00e9 ici, communiquez avec nous. Nous pouvons vous aider!<\/strong><\/p>\n\n\n\n<div style=\"height:40px\" aria-hidden=\"true\" class=\"wp-block-spacer\"><\/div>\n<\/div>\n\n\n\n<div class=\"wp-block-column is-layout-flow wp-block-column-is-layout-flow\">\n<figure class=\"wp-block-gallery columns-3 is-cropped wp-block-gallery-1 is-layout-flex wp-block-gallery-is-layout-flex\"><ul class=\"blocks-gallery-grid\"><li class=\"blocks-gallery-item\"><figure><img loading=\"lazy\" decoding=\"async\" width=\"540\" height=\"960\" src=\"http:\/\/nhc247.ca\/wp-content\/uploads\/2020\/11\/Enhanced-Cleaning-Pic6-Nov2020-edited.jpg\" alt=\"\" data-id=\"1215\" data-full-url=\"http:\/\/nhc247.ca\/wp-content\/uploads\/2020\/11\/Enhanced-Cleaning-Pic6-Nov2020-edited.jpg\" data-link=\"http:\/\/nhc247.ca\/fr\/enhanced-cleaning-pic6-nov2020-2-2\/\" class=\"wp-image-1215\" srcset=\"https:\/\/nhc247.ca\/wp-content\/uploads\/2020\/11\/Enhanced-Cleaning-Pic6-Nov2020-edited.jpg 540w, https:\/\/nhc247.ca\/wp-content\/uploads\/2020\/11\/Enhanced-Cleaning-Pic6-Nov2020-edited-169x300.jpg 169w\" sizes=\"auto, (max-width: 540px) 100vw, 540px\" \/><\/figure><\/li><li class=\"blocks-gallery-item\"><figure><img loading=\"lazy\" decoding=\"async\" width=\"576\" height=\"1024\" src=\"http:\/\/nhc247.ca\/wp-content\/uploads\/2020\/11\/Enhanced-Cleaning-Pic9-Nov2020-576x1024.jpg\" alt=\"\" data-id=\"1133\" data-full-url=\"http:\/\/nhc247.ca\/wp-content\/uploads\/2020\/11\/Enhanced-Cleaning-Pic9-Nov2020.jpg\" data-link=\"http:\/\/nhc247.ca\/fr\/enhanced-cleaning-pic9-nov2020-2\/\" class=\"wp-image-1133\" srcset=\"https:\/\/nhc247.ca\/wp-content\/uploads\/2020\/11\/Enhanced-Cleaning-Pic9-Nov2020-576x1024.jpg 576w, https:\/\/nhc247.ca\/wp-content\/uploads\/2020\/11\/Enhanced-Cleaning-Pic9-Nov2020-169x300.jpg 169w, https:\/\/nhc247.ca\/wp-content\/uploads\/2020\/11\/Enhanced-Cleaning-Pic9-Nov2020-768x1365.jpg 768w, https:\/\/nhc247.ca\/wp-content\/uploads\/2020\/11\/Enhanced-Cleaning-Pic9-Nov2020-864x1536.jpg 864w, https:\/\/nhc247.ca\/wp-content\/uploads\/2020\/11\/Enhanced-Cleaning-Pic9-Nov2020.jpg 1080w\" sizes=\"auto, (max-width: 576px) 100vw, 576px\" \/><\/figure><\/li><li class=\"blocks-gallery-item\"><figure><img loading=\"lazy\" decoding=\"async\" width=\"576\" height=\"1024\" src=\"http:\/\/nhc247.ca\/wp-content\/uploads\/2020\/11\/Enhanced-Cleaning-Pic8-Nov2020-576x1024.jpg\" alt=\"\" data-id=\"1131\" data-full-url=\"http:\/\/nhc247.ca\/wp-content\/uploads\/2020\/11\/Enhanced-Cleaning-Pic8-Nov2020.jpg\" data-link=\"http:\/\/nhc247.ca\/fr\/enhanced-cleaning-pic8-nov2020-2\/\" class=\"wp-image-1131\" srcset=\"https:\/\/nhc247.ca\/wp-content\/uploads\/2020\/11\/Enhanced-Cleaning-Pic8-Nov2020-576x1024.jpg 576w, https:\/\/nhc247.ca\/wp-content\/uploads\/2020\/11\/Enhanced-Cleaning-Pic8-Nov2020-169x300.jpg 169w, https:\/\/nhc247.ca\/wp-content\/uploads\/2020\/11\/Enhanced-Cleaning-Pic8-Nov2020-768x1365.jpg 768w, https:\/\/nhc247.ca\/wp-content\/uploads\/2020\/11\/Enhanced-Cleaning-Pic8-Nov2020-864x1536.jpg 864w, https:\/\/nhc247.ca\/wp-content\/uploads\/2020\/11\/Enhanced-Cleaning-Pic8-Nov2020.jpg 1080w\" sizes=\"auto, (max-width: 576px) 100vw, 576px\" \/><\/figure><\/li><\/ul><\/figure>\n<\/div>\n<\/div>\n","protected":false},"excerpt":{"rendered":"<p>Services de Nettoyage Nous avons encore plus \u00e0 vous offrir ! Lavage sous pression (vapeur et eau) Moisissure, feu, eau, amiante Suppression d&rsquo;odeur Nettoyage de tapis et de tapisserie Nettoyage de lieu \u00e0 risque Biohazard S\u00e9chage et nettoyage de documents Si vous n\u00e9cessitez un service qui n\u2019est pas affich\u00e9 ici, communiquez avec nous. Nous pouvons [&hellip;]<\/p>\n","protected":false},"author":3,"featured_media":0,"parent":0,"menu_order":0,"comment_status":"closed","ping_status":"closed","template":"","meta":{"_acf_changed":false,"footnotes":""},"class_list":["post-1119","page","type-page","status-publish","hentry"],"acf":[],"_links":{"self":[{"href":"https:\/\/nhc247.ca\/fr\/wp-json\/wp\/v2\/pages\/1119","targetHints":{"allow":["GET"]}}],"collection":[{"href":"https:\/\/nhc247.ca\/fr\/wp-json\/wp\/v2\/pages"}],"about":[{"href":"https:\/\/nhc247.ca\/fr\/wp-json\/wp\/v2\/types\/page"}],"author":[{"embeddable":true,"href":"https:\/\/nhc247.ca\/fr\/wp-json\/wp\/v2\/users\/3"}],"replies":[{"embeddable":true,"href":"https:\/\/nhc247.ca\/fr\/wp-json\/wp\/v2\/comments?post=1119"}],"version-history":[{"count":13,"href":"https:\/\/nhc247.ca\/fr\/wp-json\/wp\/v2\/pages\/1119\/revisions"}],"predecessor-version":[{"id":1782,"href":"https:\/\/nhc247.ca\/fr\/wp-json\/wp\/v2\/pages\/1119\/revisions\/1782"}],"wp:attachment":[{"href":"https:\/\/nhc247.ca\/fr\/wp-json\/wp\/v2\/media?parent=1119"}],"curies":[{"name":"wp","href":"https:\/\/api.w.org\/{rel}","templated":true}]}}